{"id":953,"date":"2023-01-06T09:43:33","date_gmt":"2023-01-06T09:43:33","guid":{"rendered":"https:\/\/pavan.be\/air-cargo\/"},"modified":"2025-02-13T09:39:39","modified_gmt":"2025-02-13T09:39:39","slug":"air-cargo","status":"publish","type":"page","link":"https:\/\/pavan.be\/es\/air-cargo\/","title":{"rendered":"Carga a\u00e9rea"},"content":{"rendered":"\t\t<div data-elementor-type=\"wp-page\" data-elementor-id=\"953\" class=\"elementor elementor-953 elementor-58\" data-elementor-post-type=\"page\">\n\t\t\t\t\t\t<section class=\"elementor-section elementor-top-section elementor-element elementor-element-699bf506 elementor-section-height-min-height rey-section-bg--classic elementor-section-full_width header-banner elementor-section-content-middle elementor-section-height-default elementor-section-items-middle\" data-id=\"699bf506\" data-element_type=\"section\" data-settings=\"{&quot;background_background&quot;:&quot;classic&quot;}\">\n\t\t\t\t\t\t\t<div class=\"elementor-background-overlay\"><\/div>\n\t\t\t\t\t\t\t<div class=\"elementor-container elementor-column-gap-default\">\n\t\t\t\t\t<div class=\"elementor-column elementor-col-50 elementor-top-column elementor-element elementor-element-4ea4b5fd\" data-id=\"4ea4b5fd\" data-element_type=\"column\">\n\t\t\t<div class=\"elementor-column-wrap--4ea4b5fd elementor-widget-wrap elementor-element-populated\">\n\t\t\t\t\t\t<div class=\"elementor-element elementor-element-667badf1 elementor-widget elementor-widget-heading\" data-id=\"667badf1\" data-element_type=\"widget\" data-widget_type=\"heading.default\">\n\t\t\t\t<div class=\"elementor-widget-container\">\n\t\t\t\t\t<h2 class=\"elementor-heading-title elementor-size-default\">Carga a\u00e9rea<\/h2>\t\t\t\t<\/div>\n\t\t\t\t<\/div>\n\t\t\t\t\t<\/div>\n\t\t<\/div>\n\t\t\t\t<div class=\"elementor-column elementor-col-50 elementor-top-column elementor-element elementor-element-76d24d23\" data-id=\"76d24d23\" data-element_type=\"column\">\n\t\t\t<div class=\"elementor-column-wrap--76d24d23 elementor-widget-wrap\">\n\t\t\t\t\t\t\t<\/div>\n\t\t<\/div>\n\t\t\t\t\t<\/div>\n\t\t<\/section>\n\t\t\t\t<section class=\"elementor-section elementor-top-section elementor-element elementor-element-34c4fdb3 elementor-section-boxed elementor-section-height-default elementor-section-height-default\" data-id=\"34c4fdb3\" data-element_type=\"section\">\n\t\t\t\t\t\t<div class=\"elementor-container elementor-column-gap-extended\">\n\t\t\t\t\t<div class=\"elementor-column elementor-col-50 elementor-top-column elementor-element elementor-element-2af0641e\" data-id=\"2af0641e\" data-element_type=\"column\">\n\t\t\t<div class=\"elementor-column-wrap--2af0641e elementor-widget-wrap elementor-element-populated\">\n\t\t\t\t\t\t<div class=\"elementor-element elementor-element-3e44453d elementor-widget elementor-widget-heading\" data-id=\"3e44453d\" data-element_type=\"widget\" data-widget_type=\"heading.default\">\n\t\t\t\t<div class=\"elementor-widget-container\">\n\t\t\t\t\t<h2 class=\"elementor-heading-title elementor-size-default\">Tu agente de carga a\u00e9rea de confianza<\/h2>\t\t\t\t<\/div>\n\t\t\t\t<\/div>\n\t\t\t\t<div class=\"elementor-element elementor-element-e4ec1e0 about-descption-block-text elementor-widget elementor-widget-text-editor\" data-id=\"e4ec1e0\" data-element_type=\"widget\" data-widget_type=\"text-editor.default\">\n\t\t\t\t<div class=\"elementor-widget-container\">\n\t\t\t\t\t\t\t\t\t<p>Para una entrega extra r\u00e1pida, lo mejor es enviar la carga por aire. Con un transporte de carga a\u00e9rea tus mercanc\u00edas llegar\u00e1n a su destino, sea cual sea el pa\u00eds, con el m\u00e1ximo cuidado y de una manera completamente segura.<\/p>\n\t\t\t\t\t\t\t\t<\/div>\n\t\t\t\t<\/div>\n\t\t\t\t<div class=\"elementor-element elementor-element-58c8d5a elementor-widget elementor-widget-heading\" data-id=\"58c8d5a\" data-element_type=\"widget\" data-widget_type=\"heading.default\">\n\t\t\t\t<div class=\"elementor-widget-container\">\n\t\t\t\t\t<h2 class=\"elementor-heading-title elementor-size-default\">Todo tipo de cargas<\/h2>\t\t\t\t<\/div>\n\t\t\t\t<\/div>\n\t\t\t\t<div class=\"elementor-element elementor-element-9d01c5b about-descption-block-text elementor-widget elementor-widget-text-editor\" data-id=\"9d01c5b\" data-element_type=\"widget\" data-widget_type=\"text-editor.default\">\n\t\t\t\t<div class=\"elementor-widget-container\">\n\t\t\t\t\t\t\t\t\t<p>Al igual que con el transporte mar\u00edtimo, el transporte a\u00e9reo ofrece un amplio abanico de posibilidades. En funci\u00f3n del peso, las dimensiones y la temperatura de la carga, Pavan organiza el env\u00edo con el vuelo adecuado y tambi\u00e9n se encarga del papeleo administrativo.<\/p>\n\t\t\t\t\t\t\t\t<\/div>\n\t\t\t\t<\/div>\n\t\t\t\t\t<\/div>\n\t\t<\/div>\n\t\t\t\t<div class=\"elementor-column elementor-col-50 elementor-top-column elementor-element elementor-element-66f079bd rey-colbg--classic\" data-id=\"66f079bd\" data-element_type=\"column\" data-settings=\"{&quot;background_background&quot;:&quot;classic&quot;}\">\n\t\t\t<div class=\"elementor-column-wrap--66f079bd elementor-widget-wrap elementor-element-populated\">\n\t\t\t\t\t\t<div class=\"elementor-element elementor-element-283a7b79 elementor-widget elementor-widget-image\" data-id=\"283a7b79\" data-element_type=\"widget\" data-widget_type=\"image.default\">\n\t\t\t\t<div class=\"elementor-widget-container\">\n\t\t\t\t\t\t\t\t\t\t\t\t\t\t\t<img fetchpriority=\"high\" decoding=\"async\" width=\"1024\" height=\"682\" src=\"https:\/\/pavan.be\/wp-content\/uploads\/2023\/01\/Air-cargo-1024x682.jpg\" class=\"attachment-large size-large wp-image-812\" alt=\"Luchtcargo\" srcset=\"https:\/\/pavan.be\/wp-content\/uploads\/2023\/01\/Air-cargo-1024x682.jpg 1024w, https:\/\/pavan.be\/wp-content\/uploads\/2023\/01\/Air-cargo-300x200.jpg 300w, https:\/\/pavan.be\/wp-content\/uploads\/2023\/01\/Air-cargo-768x512.jpg 768w, https:\/\/pavan.be\/wp-content\/uploads\/2023\/01\/Air-cargo-1536x1024.jpg 1536w, https:\/\/pavan.be\/wp-content\/uploads\/2023\/01\/Air-cargo.jpg 2000w\" sizes=\"(max-width: 1024px) 100vw, 1024px\" \/>\t\t\t\t\t\t\t\t\t\t\t\t\t\t\t<\/div>\n\t\t\t\t<\/div>\n\t\t\t\t\t<\/div>\n\t\t<\/div>\n\t\t\t\t\t<\/div>\n\t\t<\/section>\n\t\t\t\t<section class=\"elementor-section elementor-top-section elementor-element elementor-element-2ff1feee elementor-reverse-tablet elementor-reverse-mobile elementor-section-boxed elementor-section-height-default elementor-section-height-default\" data-id=\"2ff1feee\" data-element_type=\"section\">\n\t\t\t\t\t\t<div class=\"elementor-container elementor-column-gap-extended\">\n\t\t\t\t\t<div class=\"elementor-column elementor-col-50 elementor-top-column elementor-element elementor-element-48340f6b\" data-id=\"48340f6b\" data-element_type=\"column\">\n\t\t\t<div class=\"elementor-column-wrap--48340f6b elementor-widget-wrap elementor-element-populated\">\n\t\t\t\t\t\t<div class=\"elementor-element elementor-element-51b6fdba elementor-widget elementor-widget-image\" data-id=\"51b6fdba\" data-element_type=\"widget\" data-widget_type=\"image.default\">\n\t\t\t\t<div class=\"elementor-widget-container\">\n\t\t\t\t\t\t\t\t\t\t\t\t\t\t\t<img decoding=\"async\" width=\"1024\" height=\"682\" src=\"https:\/\/pavan.be\/wp-content\/uploads\/2023\/01\/Luchtcargo-2-1024x682.jpg\" class=\"attachment-large size-large wp-image-817\" alt=\"\" srcset=\"https:\/\/pavan.be\/wp-content\/uploads\/2023\/01\/Luchtcargo-2-1024x682.jpg 1024w, https:\/\/pavan.be\/wp-content\/uploads\/2023\/01\/Luchtcargo-2-300x200.jpg 300w, https:\/\/pavan.be\/wp-content\/uploads\/2023\/01\/Luchtcargo-2-768x512.jpg 768w, https:\/\/pavan.be\/wp-content\/uploads\/2023\/01\/Luchtcargo-2-1536x1024.jpg 1536w, https:\/\/pavan.be\/wp-content\/uploads\/2023\/01\/Luchtcargo-2.jpg 2000w\" sizes=\"(max-width: 1024px) 100vw, 1024px\" \/>\t\t\t\t\t\t\t\t\t\t\t\t\t\t\t<\/div>\n\t\t\t\t<\/div>\n\t\t\t\t\t<\/div>\n\t\t<\/div>\n\t\t\t\t<div class=\"elementor-column elementor-col-50 elementor-top-column elementor-element elementor-element-61b938de\" data-id=\"61b938de\" data-element_type=\"column\">\n\t\t\t<div class=\"elementor-column-wrap--61b938de elementor-widget-wrap elementor-element-populated\">\n\t\t\t\t\t\t<div class=\"elementor-element elementor-element-6355d185 elementor-widget elementor-widget-heading\" data-id=\"6355d185\" data-element_type=\"widget\" data-widget_type=\"heading.default\">\n\t\t\t\t<div class=\"elementor-widget-container\">\n\t\t\t\t\t<h2 class=\"elementor-heading-title elementor-size-default\">Socios a\u00e9reos de confianza<\/h2>\t\t\t\t<\/div>\n\t\t\t\t<\/div>\n\t\t\t\t<div class=\"elementor-element elementor-element-12b3b440 about-descption-block-text elementor-widget elementor-widget-text-editor\" data-id=\"12b3b440\" data-element_type=\"widget\" data-widget_type=\"text-editor.default\">\n\t\t\t\t<div class=\"elementor-widget-container\">\n\t\t\t\t\t\t\t\t\t<p>La fuerza de un agente de carga estriba en su red de socios. D\u00e9cadas de experiencia en el sector nos han permitido forjar alianzas s\u00f3lidas. Con Pavan t\u00fa tambi\u00e9n dispondr\u00e1s de nuestros socios de confianza para carga a\u00e9rea, todos ellos con una trayectoria ejemplar y con los mismos requisitos de alta calidad.<\/p>\n\t\t\t\t\t\t\t\t<\/div>\n\t\t\t\t<\/div>\n\t\t\t\t<div class=\"elementor-element elementor-element-345d7048 elementor-widget elementor-widget-reycore-button-skew\" data-id=\"345d7048\" data-element_type=\"widget\" data-widget_type=\"reycore-button-skew.default\">\n\t\t\t\t<div class=\"elementor-widget-container\">\n\t\t\t\t\t\t\t<a class=\"rey-buttonSkew rey-buttonSkew--outline-right\" href=\"https:\/\/pavan.be\/es\/contact\/\">\n\t\t\n\t\t<span class=\"buttonSkew-left\"><\/span>\n\t\t<span class=\"buttonSkew-center\">\n\t\t\t<span>\u00bfListo para despegar? <\/span>\n\t\t<\/span>\n\t\t<span class=\"buttonSkew-right\"><\/span>\n\n\t\t\t\t<\/a>\n\t\t\t\t\t\t<\/div>\n\t\t\t\t<\/div>\n\t\t\t\t\t<\/div>\n\t\t<\/div>\n\t\t\t\t\t<\/div>\n\t\t<\/section>\n\t\t\t\t<\/div>\n\t\t","protected":false},"excerpt":{"rendered":"<p>Carga a\u00e9rea Tu agente de carga a\u00e9rea de confianza Para una entrega extra r\u00e1pida, lo mejor es enviar la carga por aire. Con un transporte de carga a\u00e9rea tus mercanc\u00edas llegar\u00e1n a su destino, sea cual sea el pa\u00eds, con el m\u00e1ximo cuidado y de una manera completamente segura. Todo tipo de cargas Al igual [&hellip;]<\/p>\n","protected":false},"author":1,"featured_media":0,"parent":0,"menu_order":0,"comment_status":"closed","ping_status":"closed","template":"","meta":{"_acf_changed":false,"footnotes":""},"class_list":["post-953","page","type-page","status-publish","hentry"],"acf":[],"yoast_head":"<!-- This site is optimized with the Yoast SEO plugin v24.4 - https:\/\/yoast.com\/wordpress\/plugins\/seo\/ -->\n<title>Carga a\u00e9rea - Su transitario de confianza - Pavan<\/title>\n<meta name=\"description\" content=\"A trav\u00e9s de la carga a\u00e9rea, usted transporta mercanc\u00edas r\u00e1pidamente, incluso a largas distancias. Pavan gestiona su carga por v\u00eda a\u00e9rea.\" \/>\n<meta name=\"robots\" content=\"index, follow, max-snippet:-1, max-image-preview:large, max-video-preview:-1\" \/>\n<link rel=\"canonical\" href=\"https:\/\/pavan.be\/es\/air-cargo\/\" \/>\n<meta property=\"og:locale\" content=\"es_ES\" \/>\n<meta property=\"og:type\" content=\"article\" \/>\n<meta property=\"og:title\" content=\"Carga a\u00e9rea - Su transitario de confianza - Pavan\" \/>\n<meta property=\"og:description\" content=\"A trav\u00e9s de la carga a\u00e9rea, usted transporta mercanc\u00edas r\u00e1pidamente, incluso a largas distancias. Pavan gestiona su carga por v\u00eda a\u00e9rea.\" \/>\n<meta property=\"og:url\" content=\"https:\/\/pavan.be\/es\/air-cargo\/\" \/>\n<meta property=\"og:site_name\" content=\"Pavan\" \/>\n<meta property=\"article:modified_time\" content=\"2025-02-13T09:39:39+00:00\" \/>\n<meta property=\"og:image\" content=\"https:\/\/pavan.be\/wp-content\/uploads\/2023\/01\/Air-cargo.jpg\" \/>\n\t<meta property=\"og:image:width\" content=\"2000\" \/>\n\t<meta property=\"og:image:height\" content=\"1333\" \/>\n\t<meta property=\"og:image:type\" content=\"image\/jpeg\" \/>\n<meta name=\"twitter:card\" content=\"summary_large_image\" \/>\n<meta name=\"twitter:label1\" content=\"Tiempo de lectura\" \/>\n\t<meta name=\"twitter:data1\" content=\"1 minuto\" \/>\n<script type=\"application\/ld+json\" class=\"yoast-schema-graph\">{\"@context\":\"https:\/\/schema.org\",\"@graph\":[{\"@type\":\"WebPage\",\"@id\":\"https:\/\/pavan.be\/es\/air-cargo\/\",\"url\":\"https:\/\/pavan.be\/es\/air-cargo\/\",\"name\":\"Carga a\u00e9rea - Su transitario de confianza - Pavan\",\"isPartOf\":{\"@id\":\"https:\/\/pavan.be\/es\/#website\"},\"primaryImageOfPage\":{\"@id\":\"https:\/\/pavan.be\/es\/air-cargo\/#primaryimage\"},\"image\":{\"@id\":\"https:\/\/pavan.be\/es\/air-cargo\/#primaryimage\"},\"thumbnailUrl\":\"https:\/\/pavan.be\/wp-content\/uploads\/2023\/01\/Air-cargo-1024x682.jpg\",\"datePublished\":\"2023-01-06T09:43:33+00:00\",\"dateModified\":\"2025-02-13T09:39:39+00:00\",\"description\":\"A trav\u00e9s de la carga a\u00e9rea, usted transporta mercanc\u00edas r\u00e1pidamente, incluso a largas distancias. Pavan gestiona su carga por v\u00eda a\u00e9rea.\",\"breadcrumb\":{\"@id\":\"https:\/\/pavan.be\/es\/air-cargo\/#breadcrumb\"},\"inLanguage\":\"es\",\"potentialAction\":[{\"@type\":\"ReadAction\",\"target\":[\"https:\/\/pavan.be\/es\/air-cargo\/\"]}]},{\"@type\":\"ImageObject\",\"inLanguage\":\"es\",\"@id\":\"https:\/\/pavan.be\/es\/air-cargo\/#primaryimage\",\"url\":\"https:\/\/pavan.be\/wp-content\/uploads\/2023\/01\/Air-cargo-1024x682.jpg\",\"contentUrl\":\"https:\/\/pavan.be\/wp-content\/uploads\/2023\/01\/Air-cargo-1024x682.jpg\"},{\"@type\":\"BreadcrumbList\",\"@id\":\"https:\/\/pavan.be\/es\/air-cargo\/#breadcrumb\",\"itemListElement\":[{\"@type\":\"ListItem\",\"position\":1,\"name\":\"Home\",\"item\":\"https:\/\/pavan.be\/es\/\"},{\"@type\":\"ListItem\",\"position\":2,\"name\":\"Carga a\u00e9rea\"}]},{\"@type\":\"WebSite\",\"@id\":\"https:\/\/pavan.be\/es\/#website\",\"url\":\"https:\/\/pavan.be\/es\/\",\"name\":\"Pavan Expediteur Containers\",\"description\":\"Global transport\",\"publisher\":{\"@id\":\"https:\/\/pavan.be\/es\/#organization\"},\"potentialAction\":[{\"@type\":\"SearchAction\",\"target\":{\"@type\":\"EntryPoint\",\"urlTemplate\":\"https:\/\/pavan.be\/es\/?s={search_term_string}\"},\"query-input\":{\"@type\":\"PropertyValueSpecification\",\"valueRequired\":true,\"valueName\":\"search_term_string\"}}],\"inLanguage\":\"es\"},{\"@type\":\"Organization\",\"@id\":\"https:\/\/pavan.be\/es\/#organization\",\"name\":\"Pavan\",\"url\":\"https:\/\/pavan.be\/es\/\",\"logo\":{\"@type\":\"ImageObject\",\"inLanguage\":\"es\",\"@id\":\"https:\/\/pavan.be\/es\/#\/schema\/logo\/image\/\",\"url\":\"https:\/\/pavan.be\/wp-content\/uploads\/2023\/01\/Pavan-variantArtboard-1@4x.png\",\"contentUrl\":\"https:\/\/pavan.be\/wp-content\/uploads\/2023\/01\/Pavan-variantArtboard-1@4x.png\",\"width\":2385,\"height\":1060,\"caption\":\"Pavan\"},\"image\":{\"@id\":\"https:\/\/pavan.be\/es\/#\/schema\/logo\/image\/\"},\"sameAs\":[\"https:\/\/www.linkedin.com\/company\/pavan-flanders-int\"]}]}<\/script>\n<!-- \/ Yoast SEO plugin. -->","yoast_head_json":{"title":"Carga a\u00e9rea - Su transitario de confianza - Pavan","description":"A trav\u00e9s de la carga a\u00e9rea, usted transporta mercanc\u00edas r\u00e1pidamente, incluso a largas distancias. Pavan gestiona su carga por v\u00eda a\u00e9rea.","robots":{"index":"index","follow":"follow","max-snippet":"max-snippet:-1","max-image-preview":"max-image-preview:large","max-video-preview":"max-video-preview:-1"},"canonical":"https:\/\/pavan.be\/es\/air-cargo\/","og_locale":"es_ES","og_type":"article","og_title":"Carga a\u00e9rea - Su transitario de confianza - Pavan","og_description":"A trav\u00e9s de la carga a\u00e9rea, usted transporta mercanc\u00edas r\u00e1pidamente, incluso a largas distancias. Pavan gestiona su carga por v\u00eda a\u00e9rea.","og_url":"https:\/\/pavan.be\/es\/air-cargo\/","og_site_name":"Pavan","article_modified_time":"2025-02-13T09:39:39+00:00","og_image":[{"width":2000,"height":1333,"url":"https:\/\/pavan.be\/wp-content\/uploads\/2023\/01\/Air-cargo.jpg","type":"image\/jpeg"}],"twitter_card":"summary_large_image","twitter_misc":{"Tiempo de lectura":"1 minuto"},"schema":{"@context":"https:\/\/schema.org","@graph":[{"@type":"WebPage","@id":"https:\/\/pavan.be\/es\/air-cargo\/","url":"https:\/\/pavan.be\/es\/air-cargo\/","name":"Carga a\u00e9rea - Su transitario de confianza - Pavan","isPartOf":{"@id":"https:\/\/pavan.be\/es\/#website"},"primaryImageOfPage":{"@id":"https:\/\/pavan.be\/es\/air-cargo\/#primaryimage"},"image":{"@id":"https:\/\/pavan.be\/es\/air-cargo\/#primaryimage"},"thumbnailUrl":"https:\/\/pavan.be\/wp-content\/uploads\/2023\/01\/Air-cargo-1024x682.jpg","datePublished":"2023-01-06T09:43:33+00:00","dateModified":"2025-02-13T09:39:39+00:00","description":"A trav\u00e9s de la carga a\u00e9rea, usted transporta mercanc\u00edas r\u00e1pidamente, incluso a largas distancias. Pavan gestiona su carga por v\u00eda a\u00e9rea.","breadcrumb":{"@id":"https:\/\/pavan.be\/es\/air-cargo\/#breadcrumb"},"inLanguage":"es","potentialAction":[{"@type":"ReadAction","target":["https:\/\/pavan.be\/es\/air-cargo\/"]}]},{"@type":"ImageObject","inLanguage":"es","@id":"https:\/\/pavan.be\/es\/air-cargo\/#primaryimage","url":"https:\/\/pavan.be\/wp-content\/uploads\/2023\/01\/Air-cargo-1024x682.jpg","contentUrl":"https:\/\/pavan.be\/wp-content\/uploads\/2023\/01\/Air-cargo-1024x682.jpg"},{"@type":"BreadcrumbList","@id":"https:\/\/pavan.be\/es\/air-cargo\/#breadcrumb","itemListElement":[{"@type":"ListItem","position":1,"name":"Home","item":"https:\/\/pavan.be\/es\/"},{"@type":"ListItem","position":2,"name":"Carga a\u00e9rea"}]},{"@type":"WebSite","@id":"https:\/\/pavan.be\/es\/#website","url":"https:\/\/pavan.be\/es\/","name":"Pavan Expediteur Containers","description":"Global transport","publisher":{"@id":"https:\/\/pavan.be\/es\/#organization"},"potentialAction":[{"@type":"SearchAction","target":{"@type":"EntryPoint","urlTemplate":"https:\/\/pavan.be\/es\/?s={search_term_string}"},"query-input":{"@type":"PropertyValueSpecification","valueRequired":true,"valueName":"search_term_string"}}],"inLanguage":"es"},{"@type":"Organization","@id":"https:\/\/pavan.be\/es\/#organization","name":"Pavan","url":"https:\/\/pavan.be\/es\/","logo":{"@type":"ImageObject","inLanguage":"es","@id":"https:\/\/pavan.be\/es\/#\/schema\/logo\/image\/","url":"https:\/\/pavan.be\/wp-content\/uploads\/2023\/01\/Pavan-variantArtboard-1@4x.png","contentUrl":"https:\/\/pavan.be\/wp-content\/uploads\/2023\/01\/Pavan-variantArtboard-1@4x.png","width":2385,"height":1060,"caption":"Pavan"},"image":{"@id":"https:\/\/pavan.be\/es\/#\/schema\/logo\/image\/"},"sameAs":["https:\/\/www.linkedin.com\/company\/pavan-flanders-int"]}]}},"_links":{"self":[{"href":"https:\/\/pavan.be\/es\/wp-json\/wp\/v2\/pages\/953","targetHints":{"allow":["GET"]}}],"collection":[{"href":"https:\/\/pavan.be\/es\/wp-json\/wp\/v2\/pages"}],"about":[{"href":"https:\/\/pavan.be\/es\/wp-json\/wp\/v2\/types\/page"}],"author":[{"embeddable":true,"href":"https:\/\/pavan.be\/es\/wp-json\/wp\/v2\/users\/1"}],"replies":[{"embeddable":true,"href":"https:\/\/pavan.be\/es\/wp-json\/wp\/v2\/comments?post=953"}],"version-history":[{"count":5,"href":"https:\/\/pavan.be\/es\/wp-json\/wp\/v2\/pages\/953\/revisions"}],"predecessor-version":[{"id":1585,"href":"https:\/\/pavan.be\/es\/wp-json\/wp\/v2\/pages\/953\/revisions\/1585"}],"wp:attachment":[{"href":"https:\/\/pavan.be\/es\/wp-json\/wp\/v2\/media?parent=953"}],"curies":[{"name":"wp","href":"https:\/\/api.w.org\/{rel}","templated":true}]}}